{"id":32,"date":"2011-04-11T04:13:32","date_gmt":"2011-04-11T04:13:32","guid":{"rendered":"http:\/\/rubri.ca\/?page_id=5"},"modified":"2022-05-31T20:34:56","modified_gmt":"2022-05-31T23:34:56","slug":"pagina-principal","status":"publish","type":"page","link":"https:\/\/rubri.ca\/","title":{"rendered":"P\u00e1gina Principal"},"content":{"rendered":"\n<div class=\"is-layout-flex wp-container-7 wp-block-columns\">\n<div class=\"is-layout-flow wp-block-column\">\n<div class=\"is-layout-flex wp-block-buttons\">\n<div class=\"wp-block-button\"><a class=\"wp-block-button__link\" href=\"http:\/\/productos.rubrica.com\/slideshow.php\"> Productos<\/a><\/div>\n<\/div>\n<\/div>\n\n\n\n<div class=\"is-layout-flow wp-block-column\">\n<div class=\"is-layout-flex wp-block-buttons\">\n<div class=\"wp-block-button\"><a class=\"wp-block-button__link\" href=\"http:\/\/rubri.ca\/?page_id=29\">Cont\u00e1cto<\/a><\/div>\n<\/div>\n<\/div>\n\n\n\n<div class=\"is-layout-flow wp-block-column\">\n<div class=\"is-layout-flex wp-block-buttons\">\n<div class=\"wp-block-button\"><a class=\"wp-block-button__link\" href=\"http:\/\/rubri.ca\/?page_id=16\">Novedades<\/a><\/div>\n<\/div>\n<\/div>\n<\/div>\n\n\n<p><em>Sea bienvenido a nuestro sitio.<\/em><\/p>\n<p><b>Fernando Ariel y Patricia Dubou\u00e9 <\/b> son artesanos de Argentina. Trabajan juntos en las sierras de C\u00f3rdoba, en el centro del pa\u00eds. Los conocimientos de Ariel en arquitectura, les permiten trabajar en piezas de gran valor creativo, buscando los colores naturales de diferentes maderas duras. Han estado trabajando en artesan\u00eda en madera desde hace veinticinco a\u00f1os, cuando vivian en la Patagonia, en el pintoresco pueblo de El Bols\u00f3n. All\u00ed encontraron el esp\u00edritu y las sensaciones de diversas maderas naturales de la parte austral de los Andes.<\/p>\n<p>De regreso en la ciudad de C\u00f3rdoba, Ariel contin\u00faa la tradici\u00f3n de utilizar recursos renovables, reciclando maderas y buscando nudos particulares en pilas de madera para le\u00f1a. Los Dubou\u00e9 han estado exhibiendo su trabajo desde 1985, participando en ferias y exposiciones concursadas no s\u00f3lo en Sud Am\u00e9rica sino tambi\u00e9n en los Estados Unidos y han sido invitados a exposiciones en Europa. Si bien la construcci\u00f3n de cajas en madera es un actividad de gran complejidad, es en ella que Ariel despliega lo mejor de su trabajo. De igual manera, Patricia crea cuadros en maderas modeladas de gran impacto visual y motivos gr\u00e1ficos cuidadosamente elegidos. Esperamos que Ud. encuentre el trabajo de esta pareja de artesanos clasicamente elegante, aun en su simpleza. Estas p\u00e1ginas son una muestra orientativa de sus trabajos, por favor siga el link <i>cont\u00e1ctenos<\/i> a la izquierda para consultas sobre productos espec\u00edficos.<\/p>","protected":false},"excerpt":{"rendered":"<p>Sea bienvenido a nuestro sitio. Fernando Ariel y Patricia Dubou\u00e9 son artesanos de Argentina. Trabajan juntos en las sierras de C\u00f3rdoba, en el centro del pa\u00eds. Los conocimientos de Ariel en arquitectura, les permiten trabajar en piezas de gran valor creativo, buscando los colores naturales de diferentes maderas duras. Han estado trabajando en artesan\u00eda en&hellip; <a class=\"more-link\" href=\"https:\/\/rubri.ca\/\">Continue reading <span class=\"screen-reader-text\">P\u00e1gina Principal<\/span><\/a><\/p>\n","protected":false},"author":2,"featured_media":0,"parent":0,"menu_order":0,"comment_status":"closed","ping_status":"open","template":"home.php","meta":[],"_links":{"self":[{"href":"https:\/\/rubri.ca\/index.php?rest_route=\/wp\/v2\/pages\/32"}],"collection":[{"href":"https:\/\/rubri.ca\/index.php?rest_route=\/wp\/v2\/pages"}],"about":[{"href":"https:\/\/rubri.ca\/index.php?rest_route=\/wp\/v2\/types\/page"}],"author":[{"embeddable":true,"href":"https:\/\/rubri.ca\/index.php?rest_route=\/wp\/v2\/users\/2"}],"replies":[{"embeddable":true,"href":"https:\/\/rubri.ca\/index.php?rest_route=%2Fwp%2Fv2%2Fcomments&post=32"}],"version-history":[{"count":5,"href":"https:\/\/rubri.ca\/index.php?rest_route=\/wp\/v2\/pages\/32\/revisions"}],"predecessor-version":[{"id":89,"href":"https:\/\/rubri.ca\/index.php?rest_route=\/wp\/v2\/pages\/32\/revisions\/89"}],"wp:attachment":[{"href":"https:\/\/rubri.ca\/index.php?rest_route=%2Fwp%2Fv2%2Fmedia&parent=32"}],"curies":[{"name":"wp","href":"https:\/\/api.w.org\/{rel}","templated":true}]}}