{"id":29,"date":"2011-04-10T20:36:00","date_gmt":"2011-04-10T20:36:00","guid":{"rendered":"http:\/\/10.10.0.35\/?page_id=2"},"modified":"2022-05-31T00:47:33","modified_gmt":"2022-05-31T00:47:33","slug":"about","status":"publish","type":"page","link":"https:\/\/rubri.ca\/?page_id=29","title":{"rendered":"Cont\u00e1ctenos"},"content":{"rendered":"<p><font size=\"2\" face=\"Sans Serif, Helvetica\" color=\"#ffff00\"><\/font><\/p>\n<p><font size=\"2\" face=\"Sans Serif, Helvetica\" color=\"#ffff00\"><br \/>\n<\/font><font size=\"2\" face=\"Sans Serif, Helvetica\" color=\"#ffff00\">Contactarse con Ariel y Patricia es muy f\u00e1cil. Siempre est\u00e1n felices de recibir correo electr\u00f3nico a su direcci\u00f3n <b><tt>duboue@rubrica.com<\/tt><\/b>. Tambi\u00e9n puede contactarselos mediante correo tradicional:<\/font><\/p>\n<table border=\"0\">\n<tbody>\n<tr>\n<td width=\"30\">&nbsp;<\/td>\n<td><font size=\"2\" face=\"Sans Serif, Helvetica\" color=\"#ffff00\">Ariel Dubou\u00e9<br \/>\nM\u00fajica Lainez 79<br \/>\nBarrio Cantegril<br \/>\nR\u00edo Ceballos<br \/>\nC\u00f3rdoba<br \/>\nARGENTINA<\/font><\/td>\n<\/tr>\n<\/tbody>\n<\/table>\n","protected":false},"excerpt":{"rendered":"<p>Contactarse con Ariel y Patricia es muy f\u00e1cil. Siempre est\u00e1n felices de recibir correo electr\u00f3nico a su direcci\u00f3n duboue@rubrica.com. Tambi\u00e9n puede contactarselos mediante correo tradicional: &nbsp; Ariel Dubou\u00e9 M\u00fajica Lainez 79 Barrio Cantegril R\u00edo Ceballos C\u00f3rdoba ARGENTINA<\/p>\n","protected":false},"author":2,"featured_media":0,"parent":32,"menu_order":2,"comment_status":"closed","ping_status":"closed","template":"home.php","meta":[],"_links":{"self":[{"href":"https:\/\/rubri.ca\/index.php?rest_route=\/wp\/v2\/pages\/29"}],"collection":[{"href":"https:\/\/rubri.ca\/index.php?rest_route=\/wp\/v2\/pages"}],"about":[{"href":"https:\/\/rubri.ca\/index.php?rest_route=\/wp\/v2\/types\/page"}],"author":[{"embeddable":true,"href":"https:\/\/rubri.ca\/index.php?rest_route=\/wp\/v2\/users\/2"}],"replies":[{"embeddable":true,"href":"https:\/\/rubri.ca\/index.php?rest_route=%2Fwp%2Fv2%2Fcomments&post=29"}],"version-history":[{"count":1,"href":"https:\/\/rubri.ca\/index.php?rest_route=\/wp\/v2\/pages\/29\/revisions"}],"predecessor-version":[{"id":80,"href":"https:\/\/rubri.ca\/index.php?rest_route=\/wp\/v2\/pages\/29\/revisions\/80"}],"up":[{"embeddable":true,"href":"https:\/\/rubri.ca\/index.php?rest_route=\/wp\/v2\/pages\/32"}],"wp:attachment":[{"href":"https:\/\/rubri.ca\/index.php?rest_route=%2Fwp%2Fv2%2Fmedia&parent=29"}],"curies":[{"name":"wp","href":"https:\/\/api.w.org\/{rel}","templated":true}]}}